{"id":1356,"date":"2025-09-08T15:50:12","date_gmt":"2025-09-08T13:50:12","guid":{"rendered":"http:\/\/170.210.81.163\/interfacultades\/?page_id=1356"},"modified":"2025-09-10T20:03:53","modified_gmt":"2025-09-10T18:03:53","slug":"disciplinas","status":"publish","type":"page","link":"https:\/\/interfacultades.uncoma.edu.ar\/index.php\/disciplinas\/","title":{"rendered":"Disciplinas"},"content":{"rendered":"\t\t<div data-elementor-type=\"wp-page\" data-elementor-id=\"1356\" class=\"elementor elementor-1356\" data-elementor-post-type=\"page\">\n\t\t\t\t<div class=\"elementor-element elementor-element-7ab8c53c e-flex e-con-boxed e-con e-parent\" data-id=\"7ab8c53c\" data-element_type=\"container\" data-e-type=\"container\">\n\t\t\t\t\t<div class=\"e-con-inner\">\n\t\t\t\t<div class=\"elementor-element elementor-element-5e05ac9a elementor-widget elementor-widget-text-editor\" data-id=\"5e05ac9a\" data-element_type=\"widget\" data-e-type=\"widget\" data-widget_type=\"text-editor.default\">\n\t\t\t\t\t\t\t\t\t<p>La competencia se desplegar\u00e1 en dos sedes complementarias.<\/p><p>En el campus central de la UNCo, ubicado en Neuqu\u00e9n capital, se disputar\u00e1n las disciplinas de atletismo, futsal, b\u00e1squet, rugby seven, hockey seven, ajedrez, b\u00e1dminton y E-Sports, esta \u00faltima incorporada como apuesta a nuevas formas de expresi\u00f3n deportiva y tecnol\u00f3gica.<\/p><p>Por su parte, la sede Cipolletti ser\u00e1 el epicentro de la nataci\u00f3n, v\u00f3ley, handball y tenis de mesa, ampliando el alcance territorial y log\u00edstico del certamen.<\/p><p>Para m\u00e1s informaci\u00f3n, puls\u00e1 sobre una de la siguientes disciplinas participantes de esta nueva edici\u00f3n de los Juegos Deportivos Interfacultades:\u00a0<\/p>\t\t\t\t\t\t\t\t<\/div>\n\t\t\t\t\t<\/div>\n\t\t\t\t<\/div>\n\t\t<div class=\"elementor-element elementor-element-5d2d2ae e-con-full lista-deportes e-flex e-con e-child\" data-id=\"5d2d2ae\" data-element_type=\"container\" data-e-type=\"container\">\n\t\t<a class=\"elementor-element elementor-element-8305ca4 e-con-full e-flex e-con e-child\" data-id=\"8305ca4\" data-element_type=\"container\" data-e-type=\"container\" data-settings=\"{&quot;background_background&quot;:&quot;classic&quot;}\" href=\"https:\/\/interfacultades.uncoma.edu.ar\/index.php\/categoria\/volleyball\/\">\n\t\t\t\t<div class=\"elementor-element elementor-element-73572f5 elementor-widget elementor-widget-image\" data-id=\"73572f5\" data-element_type=\"widget\" data-e-type=\"widget\" data-widget_type=\"image.default\">\n\t\t\t\t\t\t\t\t\t\t\t\t<figure class=\"wp-caption\">\n\t\t\t\t\t\t\t\t\t\t<img fetchpriority=\"high\" decoding=\"async\" width=\"724\" height=\"1024\" src=\"https:\/\/interfacultades.uncoma.edu.ar\/wp-content\/uploads\/2025\/09\/Volet-masculino-724x1024.png\" class=\"elementor-animation-pulse-grow attachment-large size-large wp-image-1279\" alt=\"\" srcset=\"https:\/\/interfacultades.uncoma.edu.ar\/wp-content\/uploads\/2025\/09\/Volet-masculino-724x1024.png 724w, https:\/\/interfacultades.uncoma.edu.ar\/wp-content\/uploads\/2025\/09\/Volet-masculino-212x300.png 212w, https:\/\/interfacultades.uncoma.edu.ar\/wp-content\/uploads\/2025\/09\/Volet-masculino-768x1086.png 768w, https:\/\/interfacultades.uncoma.edu.ar\/wp-content\/uploads\/2025\/09\/Volet-masculino-1086x1536.png 1086w, https:\/\/interfacultades.uncoma.edu.ar\/wp-content\/uploads\/2025\/09\/Volet-masculino.png 1414w\" sizes=\"(max-width: 724px) 100vw, 724px\" \/>\t\t\t\t\t\t\t\t\t\t\t<figcaption class=\"widget-image-caption wp-caption-text\">VOLEY<\/figcaption>\n\t\t\t\t\t\t\t\t\t\t<\/figure>\n\t\t\t\t\t\t\t\t\t<\/div>\n\t\t\t\t<\/a>\n\t\t<a class=\"elementor-element elementor-element-2e8badb e-con-full e-flex e-con e-child\" data-id=\"2e8badb\" data-element_type=\"container\" data-e-type=\"container\" data-settings=\"{&quot;background_background&quot;:&quot;classic&quot;}\" href=\"https:\/\/interfacultades.uncoma.edu.ar\/index.php\/categoria\/rugby\/\">\n\t\t\t\t<div class=\"elementor-element elementor-element-fd2a494 elementor-widget elementor-widget-image\" data-id=\"fd2a494\" data-element_type=\"widget\" data-e-type=\"widget\" data-widget_type=\"image.default\">\n\t\t\t\t\t\t\t\t\t\t\t\t<figure class=\"wp-caption\">\n\t\t\t\t\t\t\t\t\t\t<img decoding=\"async\" width=\"724\" height=\"1024\" src=\"https:\/\/interfacultades.uncoma.edu.ar\/wp-content\/uploads\/2025\/09\/Rugby-masculino-724x1024.png\" class=\"elementor-animation-pulse-grow attachment-large size-large wp-image-1277\" alt=\"\" srcset=\"https:\/\/interfacultades.uncoma.edu.ar\/wp-content\/uploads\/2025\/09\/Rugby-masculino-724x1024.png 724w, https:\/\/interfacultades.uncoma.edu.ar\/wp-content\/uploads\/2025\/09\/Rugby-masculino-212x300.png 212w, https:\/\/interfacultades.uncoma.edu.ar\/wp-content\/uploads\/2025\/09\/Rugby-masculino-768x1086.png 768w, https:\/\/interfacultades.uncoma.edu.ar\/wp-content\/uploads\/2025\/09\/Rugby-masculino-1086x1536.png 1086w, https:\/\/interfacultades.uncoma.edu.ar\/wp-content\/uploads\/2025\/09\/Rugby-masculino.png 1414w\" sizes=\"(max-width: 724px) 100vw, 724px\" \/>\t\t\t\t\t\t\t\t\t\t\t<figcaption class=\"widget-image-caption wp-caption-text\">RUGBY<\/figcaption>\n\t\t\t\t\t\t\t\t\t\t<\/figure>\n\t\t\t\t\t\t\t\t\t<\/div>\n\t\t\t\t<\/a>\n\t\t<a class=\"elementor-element elementor-element-581c951 e-con-full e-flex e-con e-child\" data-id=\"581c951\" data-element_type=\"container\" data-e-type=\"container\" data-settings=\"{&quot;background_background&quot;:&quot;classic&quot;}\" href=\"https:\/\/interfacultades.uncoma.edu.ar\/index.php\/categoria\/futsal\/\">\n\t\t\t\t<div class=\"elementor-element elementor-element-40a257c elementor-widget elementor-widget-image\" data-id=\"40a257c\" data-element_type=\"widget\" data-e-type=\"widget\" data-widget_type=\"image.default\">\n\t\t\t\t\t\t\t\t\t\t\t\t<figure class=\"wp-caption\">\n\t\t\t\t\t\t\t\t\t\t<img decoding=\"async\" width=\"724\" height=\"1024\" src=\"https:\/\/interfacultades.uncoma.edu.ar\/wp-content\/uploads\/2025\/09\/Futsal-femenino-724x1024.png\" class=\"elementor-animation-pulse-grow attachment-large size-large wp-image-1270\" alt=\"\" srcset=\"https:\/\/interfacultades.uncoma.edu.ar\/wp-content\/uploads\/2025\/09\/Futsal-femenino-724x1024.png 724w, https:\/\/interfacultades.uncoma.edu.ar\/wp-content\/uploads\/2025\/09\/Futsal-femenino-212x300.png 212w, https:\/\/interfacultades.uncoma.edu.ar\/wp-content\/uploads\/2025\/09\/Futsal-femenino-768x1086.png 768w, https:\/\/interfacultades.uncoma.edu.ar\/wp-content\/uploads\/2025\/09\/Futsal-femenino-1086x1536.png 1086w, https:\/\/interfacultades.uncoma.edu.ar\/wp-content\/uploads\/2025\/09\/Futsal-femenino.png 1414w\" sizes=\"(max-width: 724px) 100vw, 724px\" \/>\t\t\t\t\t\t\t\t\t\t\t<figcaption class=\"widget-image-caption wp-caption-text\">FUTSAL<\/figcaption>\n\t\t\t\t\t\t\t\t\t\t<\/figure>\n\t\t\t\t\t\t\t\t\t<\/div>\n\t\t\t\t<\/a>\n\t\t<a class=\"elementor-element elementor-element-c42261b e-con-full e-flex e-con e-child\" data-id=\"c42261b\" data-element_type=\"container\" data-e-type=\"container\" data-settings=\"{&quot;background_background&quot;:&quot;classic&quot;}\" href=\"https:\/\/interfacultades.uncoma.edu.ar\/index.php\/categoria\/e-sport\/\">\n\t\t\t\t<div class=\"elementor-element elementor-element-e7a1cec elementor-widget elementor-widget-image\" data-id=\"e7a1cec\" data-element_type=\"widget\" data-e-type=\"widget\" data-widget_type=\"image.default\">\n\t\t\t\t\t\t\t\t\t\t\t\t<figure class=\"wp-caption\">\n\t\t\t\t\t\t\t\t\t\t<img loading=\"lazy\" decoding=\"async\" width=\"724\" height=\"1024\" src=\"https:\/\/interfacultades.uncoma.edu.ar\/wp-content\/uploads\/2025\/09\/Esports-724x1024.png\" class=\"elementor-animation-pulse-grow attachment-large size-large wp-image-1269\" alt=\"\" srcset=\"https:\/\/interfacultades.uncoma.edu.ar\/wp-content\/uploads\/2025\/09\/Esports-724x1024.png 724w, https:\/\/interfacultades.uncoma.edu.ar\/wp-content\/uploads\/2025\/09\/Esports-212x300.png 212w, https:\/\/interfacultades.uncoma.edu.ar\/wp-content\/uploads\/2025\/09\/Esports-768x1086.png 768w, https:\/\/interfacultades.uncoma.edu.ar\/wp-content\/uploads\/2025\/09\/Esports-1086x1536.png 1086w, https:\/\/interfacultades.uncoma.edu.ar\/wp-content\/uploads\/2025\/09\/Esports.png 1414w\" sizes=\"(max-width: 724px) 100vw, 724px\" \/>\t\t\t\t\t\t\t\t\t\t\t<figcaption class=\"widget-image-caption wp-caption-text\">E-SPORT<\/figcaption>\n\t\t\t\t\t\t\t\t\t\t<\/figure>\n\t\t\t\t\t\t\t\t\t<\/div>\n\t\t\t\t<\/a>\n\t\t<a class=\"elementor-element elementor-element-9240736 e-con-full e-flex e-con e-child\" data-id=\"9240736\" data-element_type=\"container\" data-e-type=\"container\" data-settings=\"{&quot;background_background&quot;:&quot;classic&quot;}\" href=\"https:\/\/interfacultades.uncoma.edu.ar\/index.php\/categoria\/natacion\/\">\n\t\t\t\t<div class=\"elementor-element elementor-element-592ee25 elementor-widget elementor-widget-image\" data-id=\"592ee25\" data-element_type=\"widget\" data-e-type=\"widget\" data-widget_type=\"image.default\">\n\t\t\t\t\t\t\t\t\t\t\t\t<figure class=\"wp-caption\">\n\t\t\t\t\t\t\t\t\t\t<img loading=\"lazy\" decoding=\"async\" width=\"724\" height=\"1024\" src=\"https:\/\/interfacultades.uncoma.edu.ar\/wp-content\/uploads\/2025\/09\/Natacion-masculino-724x1024.png\" class=\"elementor-animation-pulse-grow attachment-large size-large wp-image-1276\" alt=\"\" srcset=\"https:\/\/interfacultades.uncoma.edu.ar\/wp-content\/uploads\/2025\/09\/Natacion-masculino-724x1024.png 724w, https:\/\/interfacultades.uncoma.edu.ar\/wp-content\/uploads\/2025\/09\/Natacion-masculino-212x300.png 212w, https:\/\/interfacultades.uncoma.edu.ar\/wp-content\/uploads\/2025\/09\/Natacion-masculino-768x1086.png 768w, https:\/\/interfacultades.uncoma.edu.ar\/wp-content\/uploads\/2025\/09\/Natacion-masculino-1086x1536.png 1086w, https:\/\/interfacultades.uncoma.edu.ar\/wp-content\/uploads\/2025\/09\/Natacion-masculino.png 1414w\" sizes=\"(max-width: 724px) 100vw, 724px\" \/>\t\t\t\t\t\t\t\t\t\t\t<figcaption class=\"widget-image-caption wp-caption-text\">NATACI\u00d3N<\/figcaption>\n\t\t\t\t\t\t\t\t\t\t<\/figure>\n\t\t\t\t\t\t\t\t\t<\/div>\n\t\t\t\t<\/a>\n\t\t<a class=\"elementor-element elementor-element-a01666d e-con-full e-flex e-con e-child\" data-id=\"a01666d\" data-element_type=\"container\" data-e-type=\"container\" data-settings=\"{&quot;background_background&quot;:&quot;classic&quot;}\" href=\"https:\/\/interfacultades.uncoma.edu.ar\/index.php\/categoria\/basketball\/\">\n\t\t\t\t<div class=\"elementor-element elementor-element-59f98d4 elementor-widget elementor-widget-image\" data-id=\"59f98d4\" data-element_type=\"widget\" data-e-type=\"widget\" data-widget_type=\"image.default\">\n\t\t\t\t\t\t\t\t\t\t\t\t<figure class=\"wp-caption\">\n\t\t\t\t\t\t\t\t\t\t<img loading=\"lazy\" decoding=\"async\" width=\"724\" height=\"1024\" src=\"https:\/\/interfacultades.uncoma.edu.ar\/wp-content\/uploads\/2025\/09\/Basquet-femenino-724x1024.png\" class=\"elementor-animation-pulse-grow attachment-large size-large wp-image-1267\" alt=\"\" srcset=\"https:\/\/interfacultades.uncoma.edu.ar\/wp-content\/uploads\/2025\/09\/Basquet-femenino-724x1024.png 724w, https:\/\/interfacultades.uncoma.edu.ar\/wp-content\/uploads\/2025\/09\/Basquet-femenino-212x300.png 212w, https:\/\/interfacultades.uncoma.edu.ar\/wp-content\/uploads\/2025\/09\/Basquet-femenino-768x1086.png 768w, https:\/\/interfacultades.uncoma.edu.ar\/wp-content\/uploads\/2025\/09\/Basquet-femenino-1086x1536.png 1086w, https:\/\/interfacultades.uncoma.edu.ar\/wp-content\/uploads\/2025\/09\/Basquet-femenino.png 1414w\" sizes=\"(max-width: 724px) 100vw, 724px\" \/>\t\t\t\t\t\t\t\t\t\t\t<figcaption class=\"widget-image-caption wp-caption-text\">B\u00c1SQUET<\/figcaption>\n\t\t\t\t\t\t\t\t\t\t<\/figure>\n\t\t\t\t\t\t\t\t\t<\/div>\n\t\t\t\t<\/a>\n\t\t<a class=\"elementor-element elementor-element-d5f0dc5 e-con-full e-flex e-con e-child\" data-id=\"d5f0dc5\" data-element_type=\"container\" data-e-type=\"container\" data-settings=\"{&quot;background_background&quot;:&quot;classic&quot;}\" href=\"https:\/\/interfacultades.uncoma.edu.ar\/index.php\/categoria\/tenis-de-mesa\/\">\n\t\t\t\t<div class=\"elementor-element elementor-element-fee2f8e elementor-widget elementor-widget-image\" data-id=\"fee2f8e\" data-element_type=\"widget\" data-e-type=\"widget\" data-widget_type=\"image.default\">\n\t\t\t\t\t\t\t\t\t\t\t\t<figure class=\"wp-caption\">\n\t\t\t\t\t\t\t\t\t\t<img loading=\"lazy\" decoding=\"async\" width=\"724\" height=\"1024\" src=\"https:\/\/interfacultades.uncoma.edu.ar\/wp-content\/uploads\/2025\/09\/Tenis-de-mesa-724x1024.png\" class=\"elementor-animation-pulse-grow attachment-large size-large wp-image-1278\" alt=\"\" srcset=\"https:\/\/interfacultades.uncoma.edu.ar\/wp-content\/uploads\/2025\/09\/Tenis-de-mesa-724x1024.png 724w, https:\/\/interfacultades.uncoma.edu.ar\/wp-content\/uploads\/2025\/09\/Tenis-de-mesa-212x300.png 212w, https:\/\/interfacultades.uncoma.edu.ar\/wp-content\/uploads\/2025\/09\/Tenis-de-mesa-768x1086.png 768w, https:\/\/interfacultades.uncoma.edu.ar\/wp-content\/uploads\/2025\/09\/Tenis-de-mesa-1086x1536.png 1086w, https:\/\/interfacultades.uncoma.edu.ar\/wp-content\/uploads\/2025\/09\/Tenis-de-mesa.png 1414w\" sizes=\"(max-width: 724px) 100vw, 724px\" \/>\t\t\t\t\t\t\t\t\t\t\t<figcaption class=\"widget-image-caption wp-caption-text\">TENIS DE MESA<\/figcaption>\n\t\t\t\t\t\t\t\t\t\t<\/figure>\n\t\t\t\t\t\t\t\t\t<\/div>\n\t\t\t\t<\/a>\n\t\t<a class=\"elementor-element elementor-element-3877c82 e-con-full e-flex e-con e-child\" data-id=\"3877c82\" data-element_type=\"container\" data-e-type=\"container\" data-settings=\"{&quot;background_background&quot;:&quot;classic&quot;}\" href=\"https:\/\/interfacultades.uncoma.edu.ar\/index.php\/categoria\/atletismo\/\">\n\t\t\t\t<div class=\"elementor-element elementor-element-02211d8 elementor-widget elementor-widget-image\" data-id=\"02211d8\" data-element_type=\"widget\" data-e-type=\"widget\" data-widget_type=\"image.default\">\n\t\t\t\t\t\t\t\t\t\t\t\t<figure class=\"wp-caption\">\n\t\t\t\t\t\t\t\t\t\t<img loading=\"lazy\" decoding=\"async\" width=\"724\" height=\"1024\" src=\"https:\/\/interfacultades.uncoma.edu.ar\/wp-content\/uploads\/2025\/09\/Atletismo-masculino-724x1024.png\" class=\"elementor-animation-pulse-grow attachment-large size-large wp-image-1265\" alt=\"\" srcset=\"https:\/\/interfacultades.uncoma.edu.ar\/wp-content\/uploads\/2025\/09\/Atletismo-masculino-724x1024.png 724w, https:\/\/interfacultades.uncoma.edu.ar\/wp-content\/uploads\/2025\/09\/Atletismo-masculino-212x300.png 212w, https:\/\/interfacultades.uncoma.edu.ar\/wp-content\/uploads\/2025\/09\/Atletismo-masculino-768x1086.png 768w, https:\/\/interfacultades.uncoma.edu.ar\/wp-content\/uploads\/2025\/09\/Atletismo-masculino-1086x1536.png 1086w, https:\/\/interfacultades.uncoma.edu.ar\/wp-content\/uploads\/2025\/09\/Atletismo-masculino.png 1414w\" sizes=\"(max-width: 724px) 100vw, 724px\" \/>\t\t\t\t\t\t\t\t\t\t\t<figcaption class=\"widget-image-caption wp-caption-text\">ATLETISMO<\/figcaption>\n\t\t\t\t\t\t\t\t\t\t<\/figure>\n\t\t\t\t\t\t\t\t\t<\/div>\n\t\t\t\t<\/a>\n\t\t<a class=\"elementor-element elementor-element-b8abbd0 e-con-full e-flex e-con e-child\" data-id=\"b8abbd0\" data-element_type=\"container\" data-e-type=\"container\" data-settings=\"{&quot;background_background&quot;:&quot;classic&quot;}\" href=\"https:\/\/interfacultades.uncoma.edu.ar\/index.php\/categoria\/ajedrez\/\">\n\t\t\t\t<div class=\"elementor-element elementor-element-a641883 elementor-widget elementor-widget-image\" data-id=\"a641883\" data-element_type=\"widget\" data-e-type=\"widget\" data-widget_type=\"image.default\">\n\t\t\t\t\t\t\t\t\t\t\t\t<figure class=\"wp-caption\">\n\t\t\t\t\t\t\t\t\t\t<img loading=\"lazy\" decoding=\"async\" width=\"724\" height=\"1024\" src=\"https:\/\/interfacultades.uncoma.edu.ar\/wp-content\/uploads\/2025\/09\/Ajedrez-724x1024.png\" class=\"elementor-animation-pulse-grow attachment-large size-large wp-image-1264\" alt=\"\" srcset=\"https:\/\/interfacultades.uncoma.edu.ar\/wp-content\/uploads\/2025\/09\/Ajedrez-724x1024.png 724w, https:\/\/interfacultades.uncoma.edu.ar\/wp-content\/uploads\/2025\/09\/Ajedrez-212x300.png 212w, https:\/\/interfacultades.uncoma.edu.ar\/wp-content\/uploads\/2025\/09\/Ajedrez-768x1086.png 768w, https:\/\/interfacultades.uncoma.edu.ar\/wp-content\/uploads\/2025\/09\/Ajedrez-1086x1536.png 1086w, https:\/\/interfacultades.uncoma.edu.ar\/wp-content\/uploads\/2025\/09\/Ajedrez.png 1414w\" sizes=\"(max-width: 724px) 100vw, 724px\" \/>\t\t\t\t\t\t\t\t\t\t\t<figcaption class=\"widget-image-caption wp-caption-text\">AJEDREZ<\/figcaption>\n\t\t\t\t\t\t\t\t\t\t<\/figure>\n\t\t\t\t\t\t\t\t\t<\/div>\n\t\t\t\t<\/a>\n\t\t<a class=\"elementor-element elementor-element-9edb130 e-con-full e-flex e-con e-child\" data-id=\"9edb130\" data-element_type=\"container\" data-e-type=\"container\" data-settings=\"{&quot;background_background&quot;:&quot;classic&quot;}\" href=\"https:\/\/interfacultades.uncoma.edu.ar\/index.php\/categoria\/hockey\/\">\n\t\t\t\t<div class=\"elementor-element elementor-element-9e4f2d4 elementor-widget elementor-widget-image\" data-id=\"9e4f2d4\" data-element_type=\"widget\" data-e-type=\"widget\" data-widget_type=\"image.default\">\n\t\t\t\t\t\t\t\t\t\t\t\t<figure class=\"wp-caption\">\n\t\t\t\t\t\t\t\t\t\t<img loading=\"lazy\" decoding=\"async\" width=\"724\" height=\"1024\" src=\"https:\/\/interfacultades.uncoma.edu.ar\/wp-content\/uploads\/2025\/09\/Hockey-7-femenino-724x1024.png\" class=\"elementor-animation-pulse-grow attachment-large size-large wp-image-1274\" alt=\"\" srcset=\"https:\/\/interfacultades.uncoma.edu.ar\/wp-content\/uploads\/2025\/09\/Hockey-7-femenino-724x1024.png 724w, https:\/\/interfacultades.uncoma.edu.ar\/wp-content\/uploads\/2025\/09\/Hockey-7-femenino-212x300.png 212w, https:\/\/interfacultades.uncoma.edu.ar\/wp-content\/uploads\/2025\/09\/Hockey-7-femenino-768x1086.png 768w, https:\/\/interfacultades.uncoma.edu.ar\/wp-content\/uploads\/2025\/09\/Hockey-7-femenino-1086x1536.png 1086w, https:\/\/interfacultades.uncoma.edu.ar\/wp-content\/uploads\/2025\/09\/Hockey-7-femenino.png 1414w\" sizes=\"(max-width: 724px) 100vw, 724px\" \/>\t\t\t\t\t\t\t\t\t\t\t<figcaption class=\"widget-image-caption wp-caption-text\">HOCKEY<\/figcaption>\n\t\t\t\t\t\t\t\t\t\t<\/figure>\n\t\t\t\t\t\t\t\t\t<\/div>\n\t\t\t\t<\/a>\n\t\t<div class=\"elementor-element elementor-element-73c310e e-con-full elementor-hidden-mobile e-flex e-con e-child\" data-id=\"73c310e\" data-element_type=\"container\" data-e-type=\"container\" data-settings=\"{&quot;background_background&quot;:&quot;classic&quot;}\">\n\t\t\t\t<div class=\"elementor-element elementor-element-0d20b1c e-transform elementor-widget elementor-widget-image\" data-id=\"0d20b1c\" data-element_type=\"widget\" data-e-type=\"widget\" data-settings=\"{&quot;_transform_flipX_effect&quot;:&quot;transform&quot;}\" data-widget_type=\"image.default\">\n\t\t\t\t\t\t\t\t\t\t\t\t\t\t\t<img loading=\"lazy\" decoding=\"async\" width=\"800\" height=\"842\" src=\"https:\/\/interfacultades.uncoma.edu.ar\/wp-content\/uploads\/2025\/08\/Mascota-.png\" class=\"attachment-large size-large wp-image-232\" alt=\"\" srcset=\"https:\/\/interfacultades.uncoma.edu.ar\/wp-content\/uploads\/2025\/08\/Mascota-.png 950w, https:\/\/interfacultades.uncoma.edu.ar\/wp-content\/uploads\/2025\/08\/Mascota--285x300.png 285w, https:\/\/interfacultades.uncoma.edu.ar\/wp-content\/uploads\/2025\/08\/Mascota--768x808.png 768w\" sizes=\"(max-width: 800px) 100vw, 800px\" \/>\t\t\t\t\t\t\t\t\t\t\t\t\t\t\t<\/div>\n\t\t\t\t<\/div>\n\t\t<a class=\"elementor-element elementor-element-dd6a894 e-con-full e-flex e-con e-child\" data-id=\"dd6a894\" data-element_type=\"container\" data-e-type=\"container\" data-settings=\"{&quot;background_background&quot;:&quot;classic&quot;}\" href=\"https:\/\/interfacultades.uncoma.edu.ar\/index.php\/categoria\/badminton\/\">\n\t\t\t\t<div class=\"elementor-element elementor-element-5874091 elementor-widget elementor-widget-image\" data-id=\"5874091\" data-element_type=\"widget\" data-e-type=\"widget\" data-widget_type=\"image.default\">\n\t\t\t\t\t\t\t\t\t\t\t\t<figure class=\"wp-caption\">\n\t\t\t\t\t\t\t\t\t\t<img loading=\"lazy\" decoding=\"async\" width=\"724\" height=\"1024\" src=\"https:\/\/interfacultades.uncoma.edu.ar\/wp-content\/uploads\/2025\/09\/Badminton-724x1024.png\" class=\"elementor-animation-pulse-grow attachment-large size-large wp-image-1266\" alt=\"\" srcset=\"https:\/\/interfacultades.uncoma.edu.ar\/wp-content\/uploads\/2025\/09\/Badminton-724x1024.png 724w, https:\/\/interfacultades.uncoma.edu.ar\/wp-content\/uploads\/2025\/09\/Badminton-212x300.png 212w, https:\/\/interfacultades.uncoma.edu.ar\/wp-content\/uploads\/2025\/09\/Badminton-768x1086.png 768w, https:\/\/interfacultades.uncoma.edu.ar\/wp-content\/uploads\/2025\/09\/Badminton-1086x1536.png 1086w, https:\/\/interfacultades.uncoma.edu.ar\/wp-content\/uploads\/2025\/09\/Badminton.png 1414w\" sizes=\"(max-width: 724px) 100vw, 724px\" \/>\t\t\t\t\t\t\t\t\t\t\t<figcaption class=\"widget-image-caption wp-caption-text\">B\u00c1DMINTON<\/figcaption>\n\t\t\t\t\t\t\t\t\t\t<\/figure>\n\t\t\t\t\t\t\t\t\t<\/div>\n\t\t\t\t<\/a>\n\t\t<div class=\"elementor-element elementor-element-fa5cfef e-con-full elementor-hidden-mobile e-flex e-con e-child\" data-id=\"fa5cfef\" data-element_type=\"container\" data-e-type=\"container\" data-settings=\"{&quot;background_background&quot;:&quot;classic&quot;}\">\n\t\t\t\t<div class=\"elementor-element elementor-element-7225eda elementor-hidden-mobile elementor-widget elementor-widget-image\" data-id=\"7225eda\" data-element_type=\"widget\" data-e-type=\"widget\" data-widget_type=\"image.default\">\n\t\t\t\t\t\t\t\t\t\t\t\t\t\t\t<img loading=\"lazy\" decoding=\"async\" width=\"512\" height=\"512\" src=\"https:\/\/interfacultades.uncoma.edu.ar\/wp-content\/uploads\/2025\/08\/cropped-logo-interfacultades.png\" class=\"attachment-large size-large wp-image-1155\" alt=\"\" srcset=\"https:\/\/interfacultades.uncoma.edu.ar\/wp-content\/uploads\/2025\/08\/cropped-logo-interfacultades.png 512w, https:\/\/interfacultades.uncoma.edu.ar\/wp-content\/uploads\/2025\/08\/cropped-logo-interfacultades-300x300.png 300w, https:\/\/interfacultades.uncoma.edu.ar\/wp-content\/uploads\/2025\/08\/cropped-logo-interfacultades-150x150.png 150w, https:\/\/interfacultades.uncoma.edu.ar\/wp-content\/uploads\/2025\/08\/cropped-logo-interfacultades-270x270.png 270w, https:\/\/interfacultades.uncoma.edu.ar\/wp-content\/uploads\/2025\/08\/cropped-logo-interfacultades-192x192.png 192w, https:\/\/interfacultades.uncoma.edu.ar\/wp-content\/uploads\/2025\/08\/cropped-logo-interfacultades-180x180.png 180w, https:\/\/interfacultades.uncoma.edu.ar\/wp-content\/uploads\/2025\/08\/cropped-logo-interfacultades-32x32.png 32w\" sizes=\"(max-width: 512px) 100vw, 512px\" \/>\t\t\t\t\t\t\t\t\t\t\t\t\t\t\t<\/div>\n\t\t\t\t<\/div>\n\t\t<a class=\"elementor-element elementor-element-90fbc23 e-con-full e-flex e-con e-child\" data-id=\"90fbc23\" data-element_type=\"container\" data-e-type=\"container\" data-settings=\"{&quot;background_background&quot;:&quot;classic&quot;}\" href=\"https:\/\/interfacultades.uncoma.edu.ar\/index.php\/categoria\/handball\/\">\n\t\t\t\t<div class=\"elementor-element elementor-element-f8c28e3 elementor-widget elementor-widget-image\" data-id=\"f8c28e3\" data-element_type=\"widget\" data-e-type=\"widget\" data-widget_type=\"image.default\">\n\t\t\t\t\t\t\t\t\t\t\t\t<figure class=\"wp-caption\">\n\t\t\t\t\t\t\t\t\t\t<img loading=\"lazy\" decoding=\"async\" width=\"724\" height=\"1024\" src=\"https:\/\/interfacultades.uncoma.edu.ar\/wp-content\/uploads\/2025\/09\/Handball-femenino-724x1024.png\" class=\"elementor-animation-pulse-grow attachment-large size-large wp-image-1272\" alt=\"\" srcset=\"https:\/\/interfacultades.uncoma.edu.ar\/wp-content\/uploads\/2025\/09\/Handball-femenino-724x1024.png 724w, https:\/\/interfacultades.uncoma.edu.ar\/wp-content\/uploads\/2025\/09\/Handball-femenino-212x300.png 212w, https:\/\/interfacultades.uncoma.edu.ar\/wp-content\/uploads\/2025\/09\/Handball-femenino-768x1086.png 768w, https:\/\/interfacultades.uncoma.edu.ar\/wp-content\/uploads\/2025\/09\/Handball-femenino-1086x1536.png 1086w, https:\/\/interfacultades.uncoma.edu.ar\/wp-content\/uploads\/2025\/09\/Handball-femenino.png 1414w\" sizes=\"(max-width: 724px) 100vw, 724px\" \/>\t\t\t\t\t\t\t\t\t\t\t<figcaption class=\"widget-image-caption wp-caption-text\">HANDBALL<\/figcaption>\n\t\t\t\t\t\t\t\t\t\t<\/figure>\n\t\t\t\t\t\t\t\t\t<\/div>\n\t\t\t\t<\/a>\n\t\t<div class=\"elementor-element elementor-element-be62e5a e-con-full elementor-hidden-mobile e-flex e-con e-child\" data-id=\"be62e5a\" data-element_type=\"container\" data-e-type=\"container\" data-settings=\"{&quot;background_background&quot;:&quot;classic&quot;}\">\n\t\t\t\t<div class=\"elementor-element elementor-element-34e23de elementor-widget elementor-widget-image\" data-id=\"34e23de\" data-element_type=\"widget\" data-e-type=\"widget\" data-widget_type=\"image.default\">\n\t\t\t\t\t\t\t\t\t\t\t\t\t\t\t<img loading=\"lazy\" decoding=\"async\" width=\"800\" height=\"842\" src=\"https:\/\/interfacultades.uncoma.edu.ar\/wp-content\/uploads\/2025\/08\/Mascota-.png\" class=\"attachment-large size-large wp-image-232\" alt=\"\" srcset=\"https:\/\/interfacultades.uncoma.edu.ar\/wp-content\/uploads\/2025\/08\/Mascota-.png 950w, https:\/\/interfacultades.uncoma.edu.ar\/wp-content\/uploads\/2025\/08\/Mascota--285x300.png 285w, https:\/\/interfacultades.uncoma.edu.ar\/wp-content\/uploads\/2025\/08\/Mascota--768x808.png 768w\" sizes=\"(max-width: 800px) 100vw, 800px\" \/>\t\t\t\t\t\t\t\t\t\t\t\t\t\t\t<\/div>\n\t\t\t\t<\/div>\n\t\t\t\t<\/div>\n\t\t\t\t<\/div>\n\t\t","protected":false},"excerpt":{"rendered":"<p>La competencia se desplegar\u00e1 en dos sedes complementarias. En el campus central de la UNCo, ubicado en Neuqu\u00e9n capital, se disputar\u00e1n las disciplinas de atletismo, futsal, b\u00e1squet, rugby seven, hockey seven, ajedrez, b\u00e1dminton y E-Sports, esta \u00faltima incorporada como apuesta a nuevas formas de expresi\u00f3n deportiva y tecnol\u00f3gica. Por su parte, la sede Cipolletti ser\u00e1 [&hellip;]<\/p>\n","protected":false},"author":2,"featured_media":1366,"parent":0,"menu_order":0,"comment_status":"closed","ping_status":"closed","template":"","meta":{"footnotes":""},"class_list":["post-1356","page","type-page","status-publish","has-post-thumbnail","hentry"],"_links":{"self":[{"href":"https:\/\/interfacultades.uncoma.edu.ar\/index.php\/wp-json\/wp\/v2\/pages\/1356","targetHints":{"allow":["GET"]}}],"collection":[{"href":"https:\/\/interfacultades.uncoma.edu.ar\/index.php\/wp-json\/wp\/v2\/pages"}],"about":[{"href":"https:\/\/interfacultades.uncoma.edu.ar\/index.php\/wp-json\/wp\/v2\/types\/page"}],"author":[{"embeddable":true,"href":"https:\/\/interfacultades.uncoma.edu.ar\/index.php\/wp-json\/wp\/v2\/users\/2"}],"replies":[{"embeddable":true,"href":"https:\/\/interfacultades.uncoma.edu.ar\/index.php\/wp-json\/wp\/v2\/comments?post=1356"}],"version-history":[{"count":11,"href":"https:\/\/interfacultades.uncoma.edu.ar\/index.php\/wp-json\/wp\/v2\/pages\/1356\/revisions"}],"predecessor-version":[{"id":2140,"href":"https:\/\/interfacultades.uncoma.edu.ar\/index.php\/wp-json\/wp\/v2\/pages\/1356\/revisions\/2140"}],"wp:featuredmedia":[{"embeddable":true,"href":"https:\/\/interfacultades.uncoma.edu.ar\/index.php\/wp-json\/wp\/v2\/media\/1366"}],"wp:attachment":[{"href":"https:\/\/interfacultades.uncoma.edu.ar\/index.php\/wp-json\/wp\/v2\/media?parent=1356"}],"curies":[{"name":"wp","href":"https:\/\/api.w.org\/{rel}","templated":true}]}}